{"id":529,"date":"2022-07-17T07:33:06","date_gmt":"2022-07-17T05:33:06","guid":{"rendered":"https:\/\/peer-train.org\/sobre-o-peer-train\/"},"modified":"2023-08-16T15:05:24","modified_gmt":"2023-08-16T13:05:24","slug":"sobre-o-peer-train","status":"publish","type":"page","link":"https:\/\/peer-train.org\/pt-pt\/sobre-o-peer-train\/","title":{"rendered":"Sobre o Peer Train"},"content":{"rendered":"\t\t<div data-elementor-type=\"wp-page\" data-elementor-id=\"529\" class=\"elementor elementor-529 elementor-52\" data-elementor-post-type=\"page\">\n\t\t\t\t\t\t\t\t\t<section data-particle_enable=\"false\" data-particle-mobile-disabled=\"false\" class=\"elementor-section elementor-top-section elementor-element elementor-element-04a4618 elementor-section-height-min-height elementor-section-items-bottom elementor-section-stretched elementor-section-boxed elementor-section-height-default\" data-id=\"04a4618\" data-element_type=\"section\" data-settings=\"{&quot;stretch_section&quot;:&quot;section-stretched&quot;,&quot;background_background&quot;:&quot;classic&quot;}\">\n\t\t\t\t\t\t<div class=\"elementor-container elementor-column-gap-default\">\n\t\t\t\t\t<div class=\"elementor-column elementor-col-100 elementor-top-column elementor-element elementor-element-74c6669\" data-id=\"74c6669\" data-element_type=\"column\" data-settings=\"{&quot;background_background&quot;:&quot;classic&quot;}\">\n\t\t\t<div class=\"elementor-widget-wrap elementor-element-populated\">\n\t\t\t\t\t\t\t\t<div class=\"elementor-element elementor-element-e540672 elementor-widget-divider--view-line elementor-widget elementor-widget-divider\" data-id=\"e540672\" data-element_type=\"widget\" data-widget_type=\"divider.default\">\n\t\t\t\t<div class=\"elementor-widget-container\">\n\t\t\t<style>\/*! elementor - v3.18.0 - 20-12-2023 *\/\n.elementor-widget-divider{--divider-border-style:none;--divider-border-width:1px;--divider-color:#0c0d0e;--divider-icon-size:20px;--divider-element-spacing:10px;--divider-pattern-height:24px;--divider-pattern-size:20px;--divider-pattern-url:none;--divider-pattern-repeat:repeat-x}.elementor-widget-divider .elementor-divider{display:flex}.elementor-widget-divider .elementor-divider__text{font-size:15px;line-height:1;max-width:95%}.elementor-widget-divider .elementor-divider__element{margin:0 var(--divider-element-spacing);flex-shrink:0}.elementor-widget-divider .elementor-icon{font-size:var(--divider-icon-size)}.elementor-widget-divider .elementor-divider-separator{display:flex;margin:0;direction:ltr}.elementor-widget-divider--view-line_icon .elementor-divider-separator,.elementor-widget-divider--view-line_text .elementor-divider-separator{align-items:center}.elementor-widget-divider--view-line_icon .elementor-divider-separator:after,.elementor-widget-divider--view-line_icon .elementor-divider-separator:before,.elementor-widget-divider--view-line_text .elementor-divider-separator:after,.elementor-widget-divider--view-line_text .elementor-divider-separator:before{display:block;content:\"\";border-bottom:0;flex-grow:1;border-top:var(--divider-border-width) var(--divider-border-style) var(--divider-color)}.elementor-widget-divider--element-align-left .elementor-divider .elementor-divider-separator>.elementor-divider__svg:first-of-type{flex-grow:0;flex-shrink:100}.elementor-widget-divider--element-align-left .elementor-divider-separator:before{content:none}.elementor-widget-divider--element-align-left .elementor-divider__element{margin-left:0}.elementor-widget-divider--element-align-right .elementor-divider .elementor-divider-separator>.elementor-divider__svg:last-of-type{flex-grow:0;flex-shrink:100}.elementor-widget-divider--element-align-right .elementor-divider-separator:after{content:none}.elementor-widget-divider--element-align-right .elementor-divider__element{margin-right:0}.elementor-widget-divider:not(.elementor-widget-divider--view-line_text):not(.elementor-widget-divider--view-line_icon) .elementor-divider-separator{border-top:var(--divider-border-width) var(--divider-border-style) var(--divider-color)}.elementor-widget-divider--separator-type-pattern{--divider-border-style:none}.elementor-widget-divider--separator-type-pattern.elementor-widget-divider--view-line .elementor-divider-separator,.elementor-widget-divider--separator-type-pattern:not(.elementor-widget-divider--view-line) .elementor-divider-separator:after,.elementor-widget-divider--separator-type-pattern:not(.elementor-widget-divider--view-line) .elementor-divider-separator:before,.elementor-widget-divider--separator-type-pattern:not([class*=elementor-widget-divider--view]) .elementor-divider-separator{width:100%;min-height:var(--divider-pattern-height);-webkit-mask-size:var(--divider-pattern-size) 100%;mask-size:var(--divider-pattern-size) 100%;-webkit-mask-repeat:var(--divider-pattern-repeat);mask-repeat:var(--divider-pattern-repeat);background-color:var(--divider-color);-webkit-mask-image:var(--divider-pattern-url);mask-image:var(--divider-pattern-url)}.elementor-widget-divider--no-spacing{--divider-pattern-size:auto}.elementor-widget-divider--bg-round{--divider-pattern-repeat:round}.rtl .elementor-widget-divider .elementor-divider__text{direction:rtl}.e-con-inner>.elementor-widget-divider,.e-con>.elementor-widget-divider{width:var(--container-widget-width,100%);--flex-grow:var(--container-widget-flex-grow)}<\/style>\t\t<div class=\"elementor-divider\">\n\t\t\t<span class=\"elementor-divider-separator\">\n\t\t\t\t\t\t<\/span>\n\t\t<\/div>\n\t\t\t\t<\/div>\n\t\t\t\t<\/div>\n\t\t\t\t<div class=\"elementor-element elementor-element-714cf1c elementor-widget elementor-widget-heading\" data-id=\"714cf1c\" data-element_type=\"widget\" data-widget_type=\"heading.default\">\n\t\t\t\t<div class=\"elementor-widget-container\">\n\t\t\t<style>\/*! elementor - v3.18.0 - 20-12-2023 *\/\n.elementor-heading-title{padding:0;margin:0;line-height:1}.elementor-widget-heading .elementor-heading-title[class*=elementor-size-]>a{color:inherit;font-size:inherit;line-height:inherit}.elementor-widget-heading .elementor-heading-title.elementor-size-small{font-size:15px}.elementor-widget-heading .elementor-heading-title.elementor-size-medium{font-size:19px}.elementor-widget-heading .elementor-heading-title.elementor-size-large{font-size:29px}.elementor-widget-heading .elementor-heading-title.elementor-size-xl{font-size:39px}.elementor-widget-heading .elementor-heading-title.elementor-size-xxl{font-size:59px}<\/style><h2 class=\"elementor-heading-title elementor-size-default\">Sobre<br>PEER-TRAIN<\/h2>\t\t<\/div>\n\t\t\t\t<\/div>\n\t\t\t\t\t<\/div>\n\t\t<\/div>\n\t\t\t\t\t\t\t<\/div>\n\t\t<\/section>\n\t\t\t\t<section data-particle_enable=\"false\" data-particle-mobile-disabled=\"false\" class=\"elementor-section elementor-top-section elementor-element elementor-element-08057a7 elementor-section-boxed elementor-section-height-default elementor-section-height-default\" data-id=\"08057a7\" data-element_type=\"section\">\n\t\t\t\t\t\t<div class=\"elementor-container elementor-column-gap-default\">\n\t\t\t\t\t<div class=\"elementor-column elementor-col-25 elementor-top-column elementor-element elementor-element-a02a79f\" data-id=\"a02a79f\" data-element_type=\"column\">\n\t\t\t<div class=\"elementor-widget-wrap\">\n\t\t\t\t\t\t\t\t\t<\/div>\n\t\t<\/div>\n\t\t\t\t<div class=\"elementor-column elementor-col-50 elementor-top-column elementor-element elementor-element-e806ed8\" data-id=\"e806ed8\" data-element_type=\"column\">\n\t\t\t<div class=\"elementor-widget-wrap elementor-element-populated\">\n\t\t\t\t\t\t\t\t<div class=\"elementor-element elementor-element-cc9731f elementor-widget elementor-widget-heading\" data-id=\"cc9731f\" data-element_type=\"widget\" data-widget_type=\"heading.default\">\n\t\t\t\t<div class=\"elementor-widget-container\">\n\t\t\t<h2 class=\"elementor-heading-title elementor-size-default\">Desafios para as pessoas com mais de 50 anos<\/h2>\t\t<\/div>\n\t\t\t\t<\/div>\n\t\t\t\t<div class=\"elementor-element elementor-element-5a1de7f elementor-widget elementor-widget-text-editor\" data-id=\"5a1de7f\" data-element_type=\"widget\" data-widget_type=\"text-editor.default\">\n\t\t\t\t<div class=\"elementor-widget-container\">\n\t\t\t<style>\/*! elementor - v3.18.0 - 20-12-2023 *\/\n.elementor-widget-text-editor.elementor-drop-cap-view-stacked .elementor-drop-cap{background-color:#69727d;color:#fff}.elementor-widget-text-editor.elementor-drop-cap-view-framed .elementor-drop-cap{color:#69727d;border:3px solid;background-color:transparent}.elementor-widget-text-editor:not(.elementor-drop-cap-view-default) .elementor-drop-cap{margin-top:8px}.elementor-widget-text-editor:not(.elementor-drop-cap-view-default) .elementor-drop-cap-letter{width:1em;height:1em}.elementor-widget-text-editor .elementor-drop-cap{float:left;text-align:center;line-height:1;font-size:50px}.elementor-widget-text-editor .elementor-drop-cap-letter{display:inline-block}<\/style>\t\t\t\t<p>O envelhecimento da popula\u00e7\u00e3o representa um dos desafios mais significativos para a Uni\u00e3o Europeia no s\u00e9culo XXI, que ter\u00e1 efeitos irrevers\u00edveis em todos os aspetos da sociedade. De acordo com o GREEN PAPER ON AGEING, nas \u00faltimas cinco d\u00e9cadas, a esperan\u00e7a de vida \u00e0 nascen\u00e7a aumentou cerca de 10 anos, tanto para os homens como para as mulheres. A moderniza\u00e7\u00e3o de v\u00e1rios servi\u00e7os, a integra\u00e7\u00e3o no mundo digital e a promo\u00e7\u00e3o do envolvimento social s\u00e3o tamb\u00e9m aspetos essenciais e priorit\u00e1rios no dom\u00ednio do envelhecimento ativo. Como resultado das mudan\u00e7as demogr\u00e1ficas no s\u00e9culo XXI, surgiram novas necessidades e exig\u00eancias que requerem uma resposta. O papel da atividade foi redefinido e a manuten\u00e7\u00e3o de uma elevada qualidade de vida tornou-se importante mesmo em idades mais avan\u00e7adas. Para garantir um envelhecimento bem-sucedido, \u00e9 crucial participar num trabalho significativo, manter a atividade f\u00edsica e mental e cultivar intera\u00e7\u00f5es sociais. No entanto, a recente pandemia introduziu situa\u00e7\u00f5es sem precedentes e inesperadas, levando a mudan\u00e7as dr\u00e1sticas no estilo de vida. Este facto trouxe ainda mais desafios para as pessoas com mais de 50 anos.       <\/p>\n\t\t\t\t\t\t<\/div>\n\t\t\t\t<\/div>\n\t\t\t\t<div class=\"elementor-element elementor-element-7ce808e elementor-widget elementor-widget-heading\" data-id=\"7ce808e\" data-element_type=\"widget\" data-widget_type=\"heading.default\">\n\t\t\t\t<div class=\"elementor-widget-container\">\n\t\t\t<h2 class=\"elementor-heading-title elementor-size-default\">A import\u00e2ncia dos mentores de pares e o seu papel<\/h2>\t\t<\/div>\n\t\t\t\t<\/div>\n\t\t\t\t<div class=\"elementor-element elementor-element-79447e4 elementor-widget elementor-widget-text-editor\" data-id=\"79447e4\" data-element_type=\"widget\" data-widget_type=\"text-editor.default\">\n\t\t\t\t<div class=\"elementor-widget-container\">\n\t\t\t\t\t\t\t<p>\u00c9 necess\u00e1rio prestar servi\u00e7os especializados. As pessoas s\u00e9niores necessitam de uma abordagem adaptada \u00e0 idade no aconselhamento, nos servi\u00e7os educativos e no ambiente de trabalho, beneficiando tamb\u00e9m de uma maior acessibilidade aos seus pares. Com base na an\u00e1lise das necessidades realizada nos pa\u00edses parceiros, os mentores-pares podem desempenhar um papel excecionalmente importante na facilita\u00e7\u00e3o do envelhecimento ativo. Este papel estende-se aos dom\u00ednios da aprendizagem ao longo da vida, da promo\u00e7\u00e3o da continua\u00e7\u00e3o do emprego e do desenvolvimento das rela\u00e7\u00f5es sociais. Apesar de enfrentarem situa\u00e7\u00f5es de vida semelhantes, estes indiv\u00edduos possuem frequentemente estrat\u00e9gias mais fortes para lidar com a situa\u00e7\u00e3o e podem at\u00e9 ter experi\u00eancia profissional, o que lhes permite servir de exemplo e fonte de inspira\u00e7\u00e3o para os outros. Contribuem para ajudar as pessoas a terem uma vida significativa e ativa.     <\/p>\n\t\t\t\t\t\t<\/div>\n\t\t\t\t<\/div>\n\t\t\t\t<div class=\"elementor-element elementor-element-1d15026 elementor-widget elementor-widget-heading\" data-id=\"1d15026\" data-element_type=\"widget\" data-widget_type=\"heading.default\">\n\t\t\t\t<div class=\"elementor-widget-container\">\n\t\t\t<h2 class=\"elementor-heading-title elementor-size-default\">Objetivos principais do projeto<\/h2>\t\t<\/div>\n\t\t\t\t<\/div>\n\t\t\t\t<div class=\"elementor-element elementor-element-eb519ba elementor-widget elementor-widget-text-editor\" data-id=\"eb519ba\" data-element_type=\"widget\" data-widget_type=\"text-editor.default\">\n\t\t\t\t<div class=\"elementor-widget-container\">\n\t\t\t\t\t\t\t<p>Ao participar na Forma\u00e7\u00e3o de Mentores de Pares, que tem por base experi\u00eancia internacional, os mentores de pares podem aperfei\u00e7oar as suas compet\u00eancias e partilhar eficazmente as suas experi\u00eancias com indiv\u00edduos com 50 anos ou mais. Para atingir este objetivo, \u00e9 imperativo ter em conta as expetativas do s\u00e9culo XXI e utilizar m\u00e9todos e t\u00e9cnicas adequados. <\/p>\n\t\t\t\t\t\t<\/div>\n\t\t\t\t<\/div>\n\t\t\t\t<div class=\"elementor-element elementor-element-c11e74d elementor-widget elementor-widget-heading\" data-id=\"c11e74d\" data-element_type=\"widget\" data-widget_type=\"heading.default\">\n\t\t\t\t<div class=\"elementor-widget-container\">\n\t\t\t<h2 class=\"elementor-heading-title elementor-size-default\">Os objetivos principais do projeto s\u00e3o:<\/h2>\t\t<\/div>\n\t\t\t\t<\/div>\n\t\t\t\t<div class=\"elementor-element elementor-element-068e53d elementor-widget elementor-widget-text-editor\" data-id=\"068e53d\" data-element_type=\"widget\" data-widget_type=\"text-editor.default\">\n\t\t\t\t<div class=\"elementor-widget-container\">\n\t\t\t\t\t\t\t<ul>\n<li>Refor\u00e7ar as compet\u00eancias dos mentores de pares para indiv\u00edduos com 50 anos ou mais, de acordo com as exig\u00eancias do s\u00e9culo XXI, atrav\u00e9s de solu\u00e7\u00f5es inovadoras e tecnologias digitais.<\/li>\n<\/ul>\n\t\t\t\t\t\t<\/div>\n\t\t\t\t<\/div>\n\t\t\t\t<div class=\"elementor-element elementor-element-f5f2852 elementor-widget elementor-widget-text-editor\" data-id=\"f5f2852\" data-element_type=\"widget\" data-widget_type=\"text-editor.default\">\n\t\t\t\t<div class=\"elementor-widget-container\">\n\t\t\t\t\t\t\t<ul>\n \t<li>Prestar apoio ao trabalho e \u00e0 aprendizagem ao longo da vida de indiv\u00edduos com 50 anos ou mais, bem como a outras atividades socialmente ben\u00e9ficas, com o objetivo de alcan\u00e7ar a maior independ\u00eancia e qualidade de vida poss\u00edvel. Este objetivo \u00e9 alcan\u00e7ado atrav\u00e9s da presta\u00e7\u00e3o de servi\u00e7os de mentoria de pares que promovem um estilo de vida saud\u00e1vel. <\/li>\n<\/ul>\t\t\t\t\t\t<\/div>\n\t\t\t\t<\/div>\n\t\t\t\t<div class=\"elementor-element elementor-element-b004c25 elementor-widget elementor-widget-text-editor\" data-id=\"b004c25\" data-element_type=\"widget\" data-widget_type=\"text-editor.default\">\n\t\t\t\t<div class=\"elementor-widget-container\">\n\t\t\t\t\t\t\t<ul>\n \t<li>Cultivar as aptid\u00f5es e compet\u00eancias necess\u00e1rias para um envelhecimento bem sucedido entre indiv\u00edduos com mais de 50 anos, promovendo um estilo de vida digno, ativo e sustent\u00e1vel no s\u00e9culo XXI. Isto \u00e9 conseguido atrav\u00e9s de uma abordagem flex\u00edvel de aprendizagem mista constru\u00edda com base em pr\u00e1ticas contempor\u00e2neas de mentoria de pares. <\/li>\n<\/ul>\t\t\t\t\t\t<\/div>\n\t\t\t\t<\/div>\n\t\t\t\t<div class=\"elementor-element elementor-element-b256dce elementor-widget elementor-widget-text-editor\" data-id=\"b256dce\" data-element_type=\"widget\" data-widget_type=\"text-editor.default\">\n\t\t\t\t<div class=\"elementor-widget-container\">\n\t\t\t\t\t\t\t<ul>\n \t<li>Promover e refor\u00e7ar a coopera\u00e7\u00e3o internacional entre organiza\u00e7\u00f5es que oferecem servi\u00e7os sociais, de aconselhamento, de orienta\u00e7\u00e3o e de educa\u00e7\u00e3o para adultos, bem como estabelecer redes de parceiros.<\/li>\n<\/ul>\t\t\t\t\t\t<\/div>\n\t\t\t\t<\/div>\n\t\t\t\t<div class=\"elementor-element elementor-element-1a86be0 elementor-widget elementor-widget-heading\" data-id=\"1a86be0\" data-element_type=\"widget\" data-widget_type=\"heading.default\">\n\t\t\t\t<div class=\"elementor-widget-container\">\n\t\t\t<h2 class=\"elementor-heading-title elementor-size-default\">Grupo-alvo<\/h2>\t\t<\/div>\n\t\t\t\t<\/div>\n\t\t\t\t<div class=\"elementor-element elementor-element-2e288b6 elementor-widget elementor-widget-text-editor\" data-id=\"2e288b6\" data-element_type=\"widget\" data-widget_type=\"text-editor.default\">\n\t\t\t\t<div class=\"elementor-widget-container\">\n\t\t\t\t\t\t\t<p>O principal p\u00fablico-alvo do projeto \u00e9 constitu\u00eddo por profissionais, indiv\u00edduos com 50 anos ou mais, que possuam conhecimentos, experi\u00eancia profissional e compet\u00eancias profissionais. Estes indiv\u00edduos devem estar devidamente entusiasmados, confiantes, motivados e interessados em assumir o papel de mentores de pares. Al\u00e9m disso, o projeto tamb\u00e9m abrange mentorandos &#8211; indiv\u00edduos com 50 anos ou mais que est\u00e3o interessados em procurar assist\u00eancia de pares mais experientes em diferentes dom\u00ednios.  <\/p>\n\t\t\t\t\t\t<\/div>\n\t\t\t\t<\/div>\n\t\t\t\t<div class=\"elementor-element elementor-element-d1aa94b elementor-widget elementor-widget-heading\" data-id=\"d1aa94b\" data-element_type=\"widget\" data-widget_type=\"heading.default\">\n\t\t\t\t<div class=\"elementor-widget-container\">\n\t\t\t<h2 class=\"elementor-heading-title elementor-size-default\">Parceiros<\/h2>\t\t<\/div>\n\t\t\t\t<\/div>\n\t\t\t\t<div class=\"elementor-element elementor-element-52ecf5a elementor-widget elementor-widget-text-editor\" data-id=\"52ecf5a\" data-element_type=\"widget\" data-widget_type=\"text-editor.default\">\n\t\t\t\t<div class=\"elementor-widget-container\">\n\t\t\t\t\t\t\t<p>O projeto envolve 6 institui\u00e7\u00f5es parceiras que operam nos setores dos servi\u00e7os de aconselhamento e orienta\u00e7\u00e3o, educa\u00e7\u00e3o de adultos, investiga\u00e7\u00e3o e desenvolvimento de compet\u00eancias digitais de seis pa\u00edses: Alemanha, Eslov\u00e1quia, Hungria, Portugal, Bulg\u00e1ria e Pol\u00f3nia. <\/p>\n\t\t\t\t\t\t<\/div>\n\t\t\t\t<\/div>\n\t\t\t\t\t<\/div>\n\t\t<\/div>\n\t\t\t\t<div class=\"elementor-column elementor-col-25 elementor-top-column elementor-element elementor-element-88e3d30\" data-id=\"88e3d30\" data-element_type=\"column\">\n\t\t\t<div class=\"elementor-widget-wrap\">\n\t\t\t\t\t\t\t\t\t<\/div>\n\t\t<\/div>\n\t\t\t\t\t\t\t<\/div>\n\t\t<\/section>\n\t\t\t\t\t\t\t<\/div>\n\t\t","protected":false},"excerpt":{"rendered":"<p>SobrePEER-TRAIN Desafios para as pessoas com mais de 50 anos O envelhecimento da popula\u00e7\u00e3o representa um dos desafios mais significativos para a Uni\u00e3o Europeia no s\u00e9culo XXI, que ter\u00e1 efeitos irrevers\u00edveis em todos os aspetos da sociedade. De acordo com o GREEN PAPER ON AGEING, nas \u00faltimas cinco d\u00e9cadas, a esperan\u00e7a de vida \u00e0 nascen\u00e7a [&hellip;]<\/p>\n","protected":false},"author":1,"featured_media":0,"parent":0,"menu_order":0,"comment_status":"closed","ping_status":"closed","template":"","meta":{"_seopress_robots_primary_cat":"","_seopress_titles_title":"","_seopress_titles_desc":"","_seopress_robots_index":"","footnotes":""},"class_list":["post-529","page","type-page","status-publish","hentry","entry"],"_links":{"self":[{"href":"https:\/\/peer-train.org\/pt-pt\/wp-json\/wp\/v2\/pages\/529","targetHints":{"allow":["GET"]}}],"collection":[{"href":"https:\/\/peer-train.org\/pt-pt\/wp-json\/wp\/v2\/pages"}],"about":[{"href":"https:\/\/peer-train.org\/pt-pt\/wp-json\/wp\/v2\/types\/page"}],"author":[{"embeddable":true,"href":"https:\/\/peer-train.org\/pt-pt\/wp-json\/wp\/v2\/users\/1"}],"replies":[{"embeddable":true,"href":"https:\/\/peer-train.org\/pt-pt\/wp-json\/wp\/v2\/comments?post=529"}],"version-history":[{"count":6,"href":"https:\/\/peer-train.org\/pt-pt\/wp-json\/wp\/v2\/pages\/529\/revisions"}],"predecessor-version":[{"id":1040,"href":"https:\/\/peer-train.org\/pt-pt\/wp-json\/wp\/v2\/pages\/529\/revisions\/1040"}],"wp:attachment":[{"href":"https:\/\/peer-train.org\/pt-pt\/wp-json\/wp\/v2\/media?parent=529"}],"curies":[{"name":"wp","href":"https:\/\/api.w.org\/{rel}","templated":true}]}}