{"id":447,"date":"2022-07-17T07:33:06","date_gmt":"2022-07-17T05:33:06","guid":{"rendered":"https:\/\/peer-train.org\/o-peer-train\/"},"modified":"2023-08-16T11:36:26","modified_gmt":"2023-08-16T09:36:26","slug":"o-peer-train","status":"publish","type":"page","link":"https:\/\/peer-train.org\/pl\/o-peer-train\/","title":{"rendered":"o Peer-Train"},"content":{"rendered":"\t\t<div data-elementor-type=\"wp-page\" data-elementor-id=\"447\" class=\"elementor elementor-447 elementor-52\" data-elementor-post-type=\"page\">\n\t\t\t\t\t\t\t\t\t<section data-particle_enable=\"false\" data-particle-mobile-disabled=\"false\" class=\"elementor-section elementor-top-section elementor-element elementor-element-04a4618 elementor-section-height-min-height elementor-section-items-bottom elementor-section-stretched elementor-section-boxed elementor-section-height-default\" data-id=\"04a4618\" data-element_type=\"section\" data-settings=\"{&quot;stretch_section&quot;:&quot;section-stretched&quot;,&quot;background_background&quot;:&quot;classic&quot;}\">\n\t\t\t\t\t\t<div class=\"elementor-container elementor-column-gap-default\">\n\t\t\t\t\t<div class=\"elementor-column elementor-col-100 elementor-top-column elementor-element elementor-element-74c6669\" data-id=\"74c6669\" data-element_type=\"column\" data-settings=\"{&quot;background_background&quot;:&quot;classic&quot;}\">\n\t\t\t<div class=\"elementor-widget-wrap elementor-element-populated\">\n\t\t\t\t\t\t\t\t<div class=\"elementor-element elementor-element-e540672 elementor-widget-divider--view-line elementor-widget elementor-widget-divider\" data-id=\"e540672\" data-element_type=\"widget\" data-widget_type=\"divider.default\">\n\t\t\t\t<div class=\"elementor-widget-container\">\n\t\t\t<style>\/*! elementor - v3.18.0 - 20-12-2023 *\/\n.elementor-widget-divider{--divider-border-style:none;--divider-border-width:1px;--divider-color:#0c0d0e;--divider-icon-size:20px;--divider-element-spacing:10px;--divider-pattern-height:24px;--divider-pattern-size:20px;--divider-pattern-url:none;--divider-pattern-repeat:repeat-x}.elementor-widget-divider .elementor-divider{display:flex}.elementor-widget-divider .elementor-divider__text{font-size:15px;line-height:1;max-width:95%}.elementor-widget-divider .elementor-divider__element{margin:0 var(--divider-element-spacing);flex-shrink:0}.elementor-widget-divider .elementor-icon{font-size:var(--divider-icon-size)}.elementor-widget-divider .elementor-divider-separator{display:flex;margin:0;direction:ltr}.elementor-widget-divider--view-line_icon .elementor-divider-separator,.elementor-widget-divider--view-line_text .elementor-divider-separator{align-items:center}.elementor-widget-divider--view-line_icon .elementor-divider-separator:after,.elementor-widget-divider--view-line_icon .elementor-divider-separator:before,.elementor-widget-divider--view-line_text .elementor-divider-separator:after,.elementor-widget-divider--view-line_text .elementor-divider-separator:before{display:block;content:\"\";border-bottom:0;flex-grow:1;border-top:var(--divider-border-width) var(--divider-border-style) var(--divider-color)}.elementor-widget-divider--element-align-left .elementor-divider .elementor-divider-separator>.elementor-divider__svg:first-of-type{flex-grow:0;flex-shrink:100}.elementor-widget-divider--element-align-left .elementor-divider-separator:before{content:none}.elementor-widget-divider--element-align-left .elementor-divider__element{margin-left:0}.elementor-widget-divider--element-align-right .elementor-divider .elementor-divider-separator>.elementor-divider__svg:last-of-type{flex-grow:0;flex-shrink:100}.elementor-widget-divider--element-align-right .elementor-divider-separator:after{content:none}.elementor-widget-divider--element-align-right .elementor-divider__element{margin-right:0}.elementor-widget-divider:not(.elementor-widget-divider--view-line_text):not(.elementor-widget-divider--view-line_icon) .elementor-divider-separator{border-top:var(--divider-border-width) var(--divider-border-style) var(--divider-color)}.elementor-widget-divider--separator-type-pattern{--divider-border-style:none}.elementor-widget-divider--separator-type-pattern.elementor-widget-divider--view-line .elementor-divider-separator,.elementor-widget-divider--separator-type-pattern:not(.elementor-widget-divider--view-line) .elementor-divider-separator:after,.elementor-widget-divider--separator-type-pattern:not(.elementor-widget-divider--view-line) .elementor-divider-separator:before,.elementor-widget-divider--separator-type-pattern:not([class*=elementor-widget-divider--view]) .elementor-divider-separator{width:100%;min-height:var(--divider-pattern-height);-webkit-mask-size:var(--divider-pattern-size) 100%;mask-size:var(--divider-pattern-size) 100%;-webkit-mask-repeat:var(--divider-pattern-repeat);mask-repeat:var(--divider-pattern-repeat);background-color:var(--divider-color);-webkit-mask-image:var(--divider-pattern-url);mask-image:var(--divider-pattern-url)}.elementor-widget-divider--no-spacing{--divider-pattern-size:auto}.elementor-widget-divider--bg-round{--divider-pattern-repeat:round}.rtl .elementor-widget-divider .elementor-divider__text{direction:rtl}.e-con-inner>.elementor-widget-divider,.e-con>.elementor-widget-divider{width:var(--container-widget-width,100%);--flex-grow:var(--container-widget-flex-grow)}<\/style>\t\t<div class=\"elementor-divider\">\n\t\t\t<span class=\"elementor-divider-separator\">\n\t\t\t\t\t\t<\/span>\n\t\t<\/div>\n\t\t\t\t<\/div>\n\t\t\t\t<\/div>\n\t\t\t\t<div class=\"elementor-element elementor-element-714cf1c elementor-widget elementor-widget-heading\" data-id=\"714cf1c\" data-element_type=\"widget\" data-widget_type=\"heading.default\">\n\t\t\t\t<div class=\"elementor-widget-container\">\n\t\t\t<style>\/*! elementor - v3.18.0 - 20-12-2023 *\/\n.elementor-heading-title{padding:0;margin:0;line-height:1}.elementor-widget-heading .elementor-heading-title[class*=elementor-size-]>a{color:inherit;font-size:inherit;line-height:inherit}.elementor-widget-heading .elementor-heading-title.elementor-size-small{font-size:15px}.elementor-widget-heading .elementor-heading-title.elementor-size-medium{font-size:19px}.elementor-widget-heading .elementor-heading-title.elementor-size-large{font-size:29px}.elementor-widget-heading .elementor-heading-title.elementor-size-xl{font-size:39px}.elementor-widget-heading .elementor-heading-title.elementor-size-xxl{font-size:59px}<\/style><h2 class=\"elementor-heading-title elementor-size-default\">O<br>PEER-TRAIN<\/h2>\t\t<\/div>\n\t\t\t\t<\/div>\n\t\t\t\t\t<\/div>\n\t\t<\/div>\n\t\t\t\t\t\t\t<\/div>\n\t\t<\/section>\n\t\t\t\t<section data-particle_enable=\"false\" data-particle-mobile-disabled=\"false\" class=\"elementor-section elementor-top-section elementor-element elementor-element-08057a7 elementor-section-boxed elementor-section-height-default elementor-section-height-default\" data-id=\"08057a7\" data-element_type=\"section\">\n\t\t\t\t\t\t<div class=\"elementor-container elementor-column-gap-default\">\n\t\t\t\t\t<div class=\"elementor-column elementor-col-25 elementor-top-column elementor-element elementor-element-a02a79f\" data-id=\"a02a79f\" data-element_type=\"column\">\n\t\t\t<div class=\"elementor-widget-wrap\">\n\t\t\t\t\t\t\t\t\t<\/div>\n\t\t<\/div>\n\t\t\t\t<div class=\"elementor-column elementor-col-50 elementor-top-column elementor-element elementor-element-e806ed8\" data-id=\"e806ed8\" data-element_type=\"column\">\n\t\t\t<div class=\"elementor-widget-wrap elementor-element-populated\">\n\t\t\t\t\t\t\t\t<div class=\"elementor-element elementor-element-cc9731f elementor-widget elementor-widget-heading\" data-id=\"cc9731f\" data-element_type=\"widget\" data-widget_type=\"heading.default\">\n\t\t\t\t<div class=\"elementor-widget-container\">\n\t\t\t<h2 class=\"elementor-heading-title elementor-size-default\">Wyzwania dla os\u00f3b 50+<\/h2>\t\t<\/div>\n\t\t\t\t<\/div>\n\t\t\t\t<div class=\"elementor-element elementor-element-5a1de7f elementor-widget elementor-widget-text-editor\" data-id=\"5a1de7f\" data-element_type=\"widget\" data-widget_type=\"text-editor.default\">\n\t\t\t\t<div class=\"elementor-widget-container\">\n\t\t\t<style>\/*! elementor - v3.18.0 - 20-12-2023 *\/\n.elementor-widget-text-editor.elementor-drop-cap-view-stacked .elementor-drop-cap{background-color:#69727d;color:#fff}.elementor-widget-text-editor.elementor-drop-cap-view-framed .elementor-drop-cap{color:#69727d;border:3px solid;background-color:transparent}.elementor-widget-text-editor:not(.elementor-drop-cap-view-default) .elementor-drop-cap{margin-top:8px}.elementor-widget-text-editor:not(.elementor-drop-cap-view-default) .elementor-drop-cap-letter{width:1em;height:1em}.elementor-widget-text-editor .elementor-drop-cap{float:left;text-align:center;line-height:1;font-size:50px}.elementor-widget-text-editor .elementor-drop-cap-letter{display:inline-block}<\/style>\t\t\t\t<p>Starzenie si\u0119 spo\u0142ecze\u0144stwa stanowi jedno z najwa\u017cniejszych wyzwa\u0144 dla Unii Europejskiej w XXI wieku, kt\u00f3re b\u0119dzie mia\u0142o nieodwracalny wp\u0142yw na wszystkie aspekty \u017cycia spo\u0142ecznego. Wed\u0142ug ZIELONEJ KSI\u0118GI W SPRAWIE STARZENIA SI\u0118, w ci\u0105gu ostatnich pi\u0119ciu dekad oczekiwana d\u0142ugo\u015b\u0107 \u017cycia w chwili urodzenia wzros\u0142a o oko\u0142o 10 lat zar\u00f3wno dla m\u0119\u017cczyzn, jak i kobiet. Modernizacja r\u00f3\u017cnych us\u0142ug, integracja ze \u015bwiatem cyfrowym i promowanie zaanga\u017cowania spo\u0142ecznego s\u0105 r\u00f3wnie\u017c istotnymi i pilnymi aspektami w dziedzinie aktywnego starzenia si\u0119. W wyniku zmian demograficznych w XXI wieku pojawi\u0142y si\u0119 nowe potrzeby i wymagania, kt\u00f3re wymagaj\u0105 odpowiedzi. Rola aktywno\u015bci zosta\u0142a na nowo zdefiniowana, a utrzymanie wysokiej jako\u015bci \u017cycia sta\u0142o si\u0119 wa\u017cne nawet w starszym wieku. Aby zapewni\u0107 pomy\u015blne starzenie si\u0119, kluczowe jest anga\u017cowanie si\u0119 w sensown\u0105 prac\u0119, utrzymywanie aktywno\u015bci fizycznej i umys\u0142owej oraz piel\u0119gnowanie interakcji spo\u0142ecznych. Jednak niedawna pandemia wprowadzi\u0142a bezprecedensowe i nieoczekiwane sytuacje, prowadz\u0105c do drastycznych zmian w stylu \u017cycia. Przynios\u0142o to jeszcze wi\u0119cej wyzwa\u0144 dla os\u00f3b w wieku 50+.       <\/p>\n\t\t\t\t\t\t<\/div>\n\t\t\t\t<\/div>\n\t\t\t\t<div class=\"elementor-element elementor-element-7ce808e elementor-widget elementor-widget-heading\" data-id=\"7ce808e\" data-element_type=\"widget\" data-widget_type=\"heading.default\">\n\t\t\t\t<div class=\"elementor-widget-container\">\n\t\t\t<h2 class=\"elementor-heading-title elementor-size-default\">Znaczenie mentor\u00f3w r\u00f3wie\u015bniczych i ich rola<\/h2>\t\t<\/div>\n\t\t\t\t<\/div>\n\t\t\t\t<div class=\"elementor-element elementor-element-79447e4 elementor-widget elementor-widget-text-editor\" data-id=\"79447e4\" data-element_type=\"widget\" data-widget_type=\"text-editor.default\">\n\t\t\t\t<div class=\"elementor-widget-container\">\n\t\t\t\t\t\t\t<p>Konieczne jest zapewnienie specjalistycznych us\u0142ug. Osoby starsze wymagaj\u0105 przyjaznego dla wieku podej\u015bcia w zakresie doradztwa, us\u0142ug edukacyjnych i \u015brodowiska pracy, jednocze\u015bnie korzystaj\u0105c ze zwi\u0119kszonej dost\u0119pno\u015bci do swoich r\u00f3wie\u015bnik\u00f3w. W oparciu o analiz\u0119 potrzeb przeprowadzon\u0105 w krajach partnerskich, mentorzy r\u00f3wie\u015bniczy mog\u0105 odgrywa\u0107 wyj\u0105tkowo wa\u017cn\u0105 rol\u0119 w u\u0142atwianiu aktywnego starzenia si\u0119. Rola ta rozci\u0105ga si\u0119 na obszary uczenia si\u0119 przez ca\u0142e \u017cycie, promowania sta\u0142ego zatrudnienia i piel\u0119gnowania relacji spo\u0142ecznych. Pomimo stawiania czo\u0142a podobnym sytuacjom \u017cyciowym, osoby te cz\u0119sto posiadaj\u0105 silniejsze strategie radzenia sobie, a nawet mog\u0105 mie\u0107 do\u015bwiadczenie zawodowe, dzi\u0119ki czemu mog\u0105 s\u0142u\u017cy\u0107 jako przyk\u0142ady i \u017ar\u00f3d\u0142a inspiracji dla innych. Przyczyniaj\u0105 si\u0119 do pomagania ludziom w prowadzeniu warto\u015bciowego i aktywnego \u017cycia.     <\/p>\n\t\t\t\t\t\t<\/div>\n\t\t\t\t<\/div>\n\t\t\t\t<div class=\"elementor-element elementor-element-1d15026 elementor-widget elementor-widget-heading\" data-id=\"1d15026\" data-element_type=\"widget\" data-widget_type=\"heading.default\">\n\t\t\t\t<div class=\"elementor-widget-container\">\n\t\t\t<h2 class=\"elementor-heading-title elementor-size-default\">G\u0142\u00f3wne cele projektu<\/h2>\t\t<\/div>\n\t\t\t\t<\/div>\n\t\t\t\t<div class=\"elementor-element elementor-element-eb519ba elementor-widget elementor-widget-text-editor\" data-id=\"eb519ba\" data-element_type=\"widget\" data-widget_type=\"text-editor.default\">\n\t\t\t\t<div class=\"elementor-widget-container\">\n\t\t\t\t\t\t\t<p>Anga\u017cuj\u0105c si\u0119 w szkolenie dla mentor\u00f3w r\u00f3wie\u015bniczych, kt\u00f3re opiera si\u0119 na mi\u0119dzynarodowym do\u015bwiadczeniu, mentorzy r\u00f3wie\u015bniczy mog\u0105 doskonali\u0107 swoje umiej\u0119tno\u015bci i skutecznie dzieli\u0107 si\u0119 swoimi do\u015bwiadczeniami z osobami w wieku 50 lat i starszymi. Aby osi\u0105gn\u0105\u0107 ten cel, konieczne jest uwzgl\u0119dnienie oczekiwa\u0144 XXI wieku i zastosowanie odpowiednich metod i technik. <\/p>\n\t\t\t\t\t\t<\/div>\n\t\t\t\t<\/div>\n\t\t\t\t<div class=\"elementor-element elementor-element-c11e74d elementor-widget elementor-widget-heading\" data-id=\"c11e74d\" data-element_type=\"widget\" data-widget_type=\"heading.default\">\n\t\t\t\t<div class=\"elementor-widget-container\">\n\t\t\t<h2 class=\"elementor-heading-title elementor-size-default\">G\u0142\u00f3wne cele projektu to:<\/h2>\t\t<\/div>\n\t\t\t\t<\/div>\n\t\t\t\t<div class=\"elementor-element elementor-element-068e53d elementor-widget elementor-widget-text-editor\" data-id=\"068e53d\" data-element_type=\"widget\" data-widget_type=\"text-editor.default\">\n\t\t\t\t<div class=\"elementor-widget-container\">\n\t\t\t\t\t\t\t<ul>\n<li>Zwi\u0119kszenie kompetencji mentor\u00f3w r\u00f3wie\u015bniczych dla os\u00f3b w wieku 50 lat i starszych, zgodnie z wymogami XXI wieku, poprzez innowacyjne rozwi\u0105zania i technologie cyfrowe.<\/li>\n<\/ul>\n\t\t\t\t\t\t<\/div>\n\t\t\t\t<\/div>\n\t\t\t\t<div class=\"elementor-element elementor-element-f5f2852 elementor-widget elementor-widget-text-editor\" data-id=\"f5f2852\" data-element_type=\"widget\" data-widget_type=\"text-editor.default\">\n\t\t\t\t<div class=\"elementor-widget-container\">\n\t\t\t\t\t\t\t<ul>\n \t<li>Zapewnienie pomocy w zakresie zatrudnienia i uczenia si\u0119 przez ca\u0142e \u017cycie osobom w wieku 50 lat i starszym, a tak\u017ce innych dzia\u0142a\u0144 korzystnych spo\u0142ecznie, w celu osi\u0105gni\u0119cia najwy\u017cszej mo\u017cliwej niezale\u017cno\u015bci i jako\u015bci \u017cycia. Cel ten jest osi\u0105gany poprzez \u015bwiadczenie us\u0142ug mentoringu r\u00f3wie\u015bniczego, kt\u00f3re promuj\u0105 zdrowy styl \u017cycia. <\/li>\n<\/ul>\t\t\t\t\t\t<\/div>\n\t\t\t\t<\/div>\n\t\t\t\t<div class=\"elementor-element elementor-element-b004c25 elementor-widget elementor-widget-text-editor\" data-id=\"b004c25\" data-element_type=\"widget\" data-widget_type=\"text-editor.default\">\n\t\t\t\t<div class=\"elementor-widget-container\">\n\t\t\t\t\t\t\t<ul>\n \t<li>Kultywowanie umiej\u0119tno\u015bci i kompetencji wymaganych do pomy\u015blnego starzenia si\u0119 w\u015br\u00f3d os\u00f3b w wieku 50+, wspieranie godnego, aktywnego i zr\u00f3wnowa\u017conego stylu \u017cycia w XXI wieku. Osi\u0105ga si\u0119 to poprzez elastyczne podej\u015bcie blended-learningowe oparte na wsp\u00f3\u0142czesnych praktykach mentoringu r\u00f3wie\u015bniczego. <\/li>\n<\/ul>\t\t\t\t\t\t<\/div>\n\t\t\t\t<\/div>\n\t\t\t\t<div class=\"elementor-element elementor-element-b256dce elementor-widget elementor-widget-text-editor\" data-id=\"b256dce\" data-element_type=\"widget\" data-widget_type=\"text-editor.default\">\n\t\t\t\t<div class=\"elementor-widget-container\">\n\t\t\t\t\t\t\t<ul>\n \t<li>Promowanie i wzmacnianie mi\u0119dzynarodowej wsp\u00f3\u0142pracy mi\u0119dzy organizacjami oferuj\u0105cymi us\u0142ugi socjalne, doradcze, mentorskie i edukacyjne dla doros\u0142ych, a tak\u017ce tworzenie sieci partnerskich.<\/li>\n<\/ul>\t\t\t\t\t\t<\/div>\n\t\t\t\t<\/div>\n\t\t\t\t<div class=\"elementor-element elementor-element-1a86be0 elementor-widget elementor-widget-heading\" data-id=\"1a86be0\" data-element_type=\"widget\" data-widget_type=\"heading.default\">\n\t\t\t\t<div class=\"elementor-widget-container\">\n\t\t\t<h2 class=\"elementor-heading-title elementor-size-default\">Grupa docelowa<\/h2>\t\t<\/div>\n\t\t\t\t<\/div>\n\t\t\t\t<div class=\"elementor-element elementor-element-2e288b6 elementor-widget elementor-widget-text-editor\" data-id=\"2e288b6\" data-element_type=\"widget\" data-widget_type=\"text-editor.default\">\n\t\t\t\t<div class=\"elementor-widget-container\">\n\t\t\t\t\t\t\t<p>G\u0142\u00f3wn\u0105 grup\u0105 docelow\u0105 projektu s\u0105 profesjonali\u015bci, osoby w wieku 50 lat i starsze, posiadaj\u0105ce wiedz\u0119 zawodow\u0105, do\u015bwiadczenie zawodowe i kompetencje. Osoby te powinny by\u0107 odpowiednio entuzjastyczne, pewne siebie, zmotywowane i zainteresowane podj\u0119ciem roli mentor\u00f3w r\u00f3wie\u015bniczych. Ponadto projekt obejmuje r\u00f3wnie\u017c podopiecznych &#8211; osoby w wieku 50 lat i starsze, kt\u00f3re s\u0105 zainteresowane szukaniem pomocy od bardziej do\u015bwiadczonych r\u00f3wie\u015bnik\u00f3w z r\u00f3\u017cnych dziedzin.  <\/p>\n\t\t\t\t\t\t<\/div>\n\t\t\t\t<\/div>\n\t\t\t\t<div class=\"elementor-element elementor-element-d1aa94b elementor-widget elementor-widget-heading\" data-id=\"d1aa94b\" data-element_type=\"widget\" data-widget_type=\"heading.default\">\n\t\t\t\t<div class=\"elementor-widget-container\">\n\t\t\t<h2 class=\"elementor-heading-title elementor-size-default\">Partnerzy<\/h2>\t\t<\/div>\n\t\t\t\t<\/div>\n\t\t\t\t<div class=\"elementor-element elementor-element-52ecf5a elementor-widget elementor-widget-text-editor\" data-id=\"52ecf5a\" data-element_type=\"widget\" data-widget_type=\"text-editor.default\">\n\t\t\t\t<div class=\"elementor-widget-container\">\n\t\t\t\t\t\t\t<p>Dzia\u0142aj\u0105cych w dziedzinie doradztwa, us\u0142ug mentorskich, edukacji doros\u0142ych, bada\u0144 i rozwoju umiej\u0119tno\u015bci cyfrowych. Instytucje te pochodz\u0105 z sze\u015bciu r\u00f3\u017cnych kraj\u00f3w: Niemiec, S\u0142owacji, W\u0119gier, Portugalii, Bu\u0142garii i Polski. <\/p>\n\t\t\t\t\t\t<\/div>\n\t\t\t\t<\/div>\n\t\t\t\t\t<\/div>\n\t\t<\/div>\n\t\t\t\t<div class=\"elementor-column elementor-col-25 elementor-top-column elementor-element elementor-element-88e3d30\" data-id=\"88e3d30\" data-element_type=\"column\">\n\t\t\t<div class=\"elementor-widget-wrap\">\n\t\t\t\t\t\t\t\t\t<\/div>\n\t\t<\/div>\n\t\t\t\t\t\t\t<\/div>\n\t\t<\/section>\n\t\t\t\t\t\t\t<\/div>\n\t\t","protected":false},"excerpt":{"rendered":"<p>OPEER-TRAIN Wyzwania dla os\u00f3b 50+ Starzenie si\u0119 spo\u0142ecze\u0144stwa stanowi jedno z najwa\u017cniejszych wyzwa\u0144 dla Unii Europejskiej w XXI wieku, kt\u00f3re b\u0119dzie mia\u0142o nieodwracalny wp\u0142yw na wszystkie aspekty \u017cycia spo\u0142ecznego. Wed\u0142ug ZIELONEJ KSI\u0118GI W SPRAWIE STARZENIA SI\u0118, w ci\u0105gu ostatnich pi\u0119ciu dekad oczekiwana d\u0142ugo\u015b\u0107 \u017cycia w chwili urodzenia wzros\u0142a o oko\u0142o 10 lat zar\u00f3wno dla m\u0119\u017cczyzn, [&hellip;]<\/p>\n","protected":false},"author":1,"featured_media":0,"parent":0,"menu_order":0,"comment_status":"closed","ping_status":"closed","template":"","meta":{"_seopress_robots_primary_cat":"","_seopress_titles_title":"","_seopress_titles_desc":"","_seopress_robots_index":"","footnotes":""},"class_list":["post-447","page","type-page","status-publish","hentry","entry"],"_links":{"self":[{"href":"https:\/\/peer-train.org\/pl\/wp-json\/wp\/v2\/pages\/447","targetHints":{"allow":["GET"]}}],"collection":[{"href":"https:\/\/peer-train.org\/pl\/wp-json\/wp\/v2\/pages"}],"about":[{"href":"https:\/\/peer-train.org\/pl\/wp-json\/wp\/v2\/types\/page"}],"author":[{"embeddable":true,"href":"https:\/\/peer-train.org\/pl\/wp-json\/wp\/v2\/users\/1"}],"replies":[{"embeddable":true,"href":"https:\/\/peer-train.org\/pl\/wp-json\/wp\/v2\/comments?post=447"}],"version-history":[{"count":8,"href":"https:\/\/peer-train.org\/pl\/wp-json\/wp\/v2\/pages\/447\/revisions"}],"predecessor-version":[{"id":999,"href":"https:\/\/peer-train.org\/pl\/wp-json\/wp\/v2\/pages\/447\/revisions\/999"}],"wp:attachment":[{"href":"https:\/\/peer-train.org\/pl\/wp-json\/wp\/v2\/media?parent=447"}],"curies":[{"name":"wp","href":"https:\/\/api.w.org\/{rel}","templated":true}]}}