{"id":370,"date":"2022-07-17T07:33:06","date_gmt":"2022-07-17T05:33:06","guid":{"rendered":"https:\/\/peer-train.org\/ueber-peer-train\/"},"modified":"2023-08-16T12:35:26","modified_gmt":"2023-08-16T10:35:26","slug":"ueber-peer-train","status":"publish","type":"page","link":"https:\/\/peer-train.org\/de\/ueber-peer-train\/","title":{"rendered":"\u00dcber Peer Train"},"content":{"rendered":"\t\t<div data-elementor-type=\"wp-page\" data-elementor-id=\"370\" class=\"elementor elementor-370 elementor-52\" data-elementor-post-type=\"page\">\n\t\t\t\t\t\t\t\t\t<section data-particle_enable=\"false\" data-particle-mobile-disabled=\"false\" class=\"elementor-section elementor-top-section elementor-element elementor-element-04a4618 elementor-section-height-min-height elementor-section-items-bottom elementor-section-stretched elementor-section-boxed elementor-section-height-default\" data-id=\"04a4618\" data-element_type=\"section\" data-settings=\"{&quot;stretch_section&quot;:&quot;section-stretched&quot;,&quot;background_background&quot;:&quot;classic&quot;}\">\n\t\t\t\t\t\t<div class=\"elementor-container elementor-column-gap-default\">\n\t\t\t\t\t<div class=\"elementor-column elementor-col-100 elementor-top-column elementor-element elementor-element-74c6669\" data-id=\"74c6669\" data-element_type=\"column\" data-settings=\"{&quot;background_background&quot;:&quot;classic&quot;}\">\n\t\t\t<div class=\"elementor-widget-wrap elementor-element-populated\">\n\t\t\t\t\t\t\t\t<div class=\"elementor-element elementor-element-e540672 elementor-widget-divider--view-line elementor-widget elementor-widget-divider\" data-id=\"e540672\" data-element_type=\"widget\" data-widget_type=\"divider.default\">\n\t\t\t\t<div class=\"elementor-widget-container\">\n\t\t\t<style>\/*! elementor - v3.18.0 - 20-12-2023 *\/\n.elementor-widget-divider{--divider-border-style:none;--divider-border-width:1px;--divider-color:#0c0d0e;--divider-icon-size:20px;--divider-element-spacing:10px;--divider-pattern-height:24px;--divider-pattern-size:20px;--divider-pattern-url:none;--divider-pattern-repeat:repeat-x}.elementor-widget-divider .elementor-divider{display:flex}.elementor-widget-divider .elementor-divider__text{font-size:15px;line-height:1;max-width:95%}.elementor-widget-divider .elementor-divider__element{margin:0 var(--divider-element-spacing);flex-shrink:0}.elementor-widget-divider .elementor-icon{font-size:var(--divider-icon-size)}.elementor-widget-divider .elementor-divider-separator{display:flex;margin:0;direction:ltr}.elementor-widget-divider--view-line_icon .elementor-divider-separator,.elementor-widget-divider--view-line_text .elementor-divider-separator{align-items:center}.elementor-widget-divider--view-line_icon .elementor-divider-separator:after,.elementor-widget-divider--view-line_icon .elementor-divider-separator:before,.elementor-widget-divider--view-line_text .elementor-divider-separator:after,.elementor-widget-divider--view-line_text .elementor-divider-separator:before{display:block;content:\"\";border-bottom:0;flex-grow:1;border-top:var(--divider-border-width) var(--divider-border-style) var(--divider-color)}.elementor-widget-divider--element-align-left .elementor-divider .elementor-divider-separator>.elementor-divider__svg:first-of-type{flex-grow:0;flex-shrink:100}.elementor-widget-divider--element-align-left .elementor-divider-separator:before{content:none}.elementor-widget-divider--element-align-left .elementor-divider__element{margin-left:0}.elementor-widget-divider--element-align-right .elementor-divider .elementor-divider-separator>.elementor-divider__svg:last-of-type{flex-grow:0;flex-shrink:100}.elementor-widget-divider--element-align-right .elementor-divider-separator:after{content:none}.elementor-widget-divider--element-align-right .elementor-divider__element{margin-right:0}.elementor-widget-divider:not(.elementor-widget-divider--view-line_text):not(.elementor-widget-divider--view-line_icon) .elementor-divider-separator{border-top:var(--divider-border-width) var(--divider-border-style) var(--divider-color)}.elementor-widget-divider--separator-type-pattern{--divider-border-style:none}.elementor-widget-divider--separator-type-pattern.elementor-widget-divider--view-line .elementor-divider-separator,.elementor-widget-divider--separator-type-pattern:not(.elementor-widget-divider--view-line) .elementor-divider-separator:after,.elementor-widget-divider--separator-type-pattern:not(.elementor-widget-divider--view-line) .elementor-divider-separator:before,.elementor-widget-divider--separator-type-pattern:not([class*=elementor-widget-divider--view]) .elementor-divider-separator{width:100%;min-height:var(--divider-pattern-height);-webkit-mask-size:var(--divider-pattern-size) 100%;mask-size:var(--divider-pattern-size) 100%;-webkit-mask-repeat:var(--divider-pattern-repeat);mask-repeat:var(--divider-pattern-repeat);background-color:var(--divider-color);-webkit-mask-image:var(--divider-pattern-url);mask-image:var(--divider-pattern-url)}.elementor-widget-divider--no-spacing{--divider-pattern-size:auto}.elementor-widget-divider--bg-round{--divider-pattern-repeat:round}.rtl .elementor-widget-divider .elementor-divider__text{direction:rtl}.e-con-inner>.elementor-widget-divider,.e-con>.elementor-widget-divider{width:var(--container-widget-width,100%);--flex-grow:var(--container-widget-flex-grow)}<\/style>\t\t<div class=\"elementor-divider\">\n\t\t\t<span class=\"elementor-divider-separator\">\n\t\t\t\t\t\t<\/span>\n\t\t<\/div>\n\t\t\t\t<\/div>\n\t\t\t\t<\/div>\n\t\t\t\t<div class=\"elementor-element elementor-element-714cf1c elementor-widget elementor-widget-heading\" data-id=\"714cf1c\" data-element_type=\"widget\" data-widget_type=\"heading.default\">\n\t\t\t\t<div class=\"elementor-widget-container\">\n\t\t\t<style>\/*! elementor - v3.18.0 - 20-12-2023 *\/\n.elementor-heading-title{padding:0;margin:0;line-height:1}.elementor-widget-heading .elementor-heading-title[class*=elementor-size-]>a{color:inherit;font-size:inherit;line-height:inherit}.elementor-widget-heading .elementor-heading-title.elementor-size-small{font-size:15px}.elementor-widget-heading .elementor-heading-title.elementor-size-medium{font-size:19px}.elementor-widget-heading .elementor-heading-title.elementor-size-large{font-size:29px}.elementor-widget-heading .elementor-heading-title.elementor-size-xl{font-size:39px}.elementor-widget-heading .elementor-heading-title.elementor-size-xxl{font-size:59px}<\/style><h2 class=\"elementor-heading-title elementor-size-default\">\u00dcBER<br>PEER-TRAIN<\/h2>\t\t<\/div>\n\t\t\t\t<\/div>\n\t\t\t\t\t<\/div>\n\t\t<\/div>\n\t\t\t\t\t\t\t<\/div>\n\t\t<\/section>\n\t\t\t\t<section data-particle_enable=\"false\" data-particle-mobile-disabled=\"false\" class=\"elementor-section elementor-top-section elementor-element elementor-element-08057a7 elementor-section-boxed elementor-section-height-default elementor-section-height-default\" data-id=\"08057a7\" data-element_type=\"section\">\n\t\t\t\t\t\t<div class=\"elementor-container elementor-column-gap-default\">\n\t\t\t\t\t<div class=\"elementor-column elementor-col-25 elementor-top-column elementor-element elementor-element-a02a79f\" data-id=\"a02a79f\" data-element_type=\"column\">\n\t\t\t<div class=\"elementor-widget-wrap\">\n\t\t\t\t\t\t\t\t\t<\/div>\n\t\t<\/div>\n\t\t\t\t<div class=\"elementor-column elementor-col-50 elementor-top-column elementor-element elementor-element-e806ed8\" data-id=\"e806ed8\" data-element_type=\"column\">\n\t\t\t<div class=\"elementor-widget-wrap elementor-element-populated\">\n\t\t\t\t\t\t\t\t<div class=\"elementor-element elementor-element-cc9731f elementor-widget elementor-widget-heading\" data-id=\"cc9731f\" data-element_type=\"widget\" data-widget_type=\"heading.default\">\n\t\t\t\t<div class=\"elementor-widget-container\">\n\t\t\t<h2 class=\"elementor-heading-title elementor-size-default\">Herausforderungen f\u00fcr Menschen \u00fcber 50<\/h2>\t\t<\/div>\n\t\t\t\t<\/div>\n\t\t\t\t<div class=\"elementor-element elementor-element-5a1de7f elementor-widget elementor-widget-text-editor\" data-id=\"5a1de7f\" data-element_type=\"widget\" data-widget_type=\"text-editor.default\">\n\t\t\t\t<div class=\"elementor-widget-container\">\n\t\t\t<style>\/*! elementor - v3.18.0 - 20-12-2023 *\/\n.elementor-widget-text-editor.elementor-drop-cap-view-stacked .elementor-drop-cap{background-color:#69727d;color:#fff}.elementor-widget-text-editor.elementor-drop-cap-view-framed .elementor-drop-cap{color:#69727d;border:3px solid;background-color:transparent}.elementor-widget-text-editor:not(.elementor-drop-cap-view-default) .elementor-drop-cap{margin-top:8px}.elementor-widget-text-editor:not(.elementor-drop-cap-view-default) .elementor-drop-cap-letter{width:1em;height:1em}.elementor-widget-text-editor .elementor-drop-cap{float:left;text-align:center;line-height:1;font-size:50px}.elementor-widget-text-editor .elementor-drop-cap-letter{display:inline-block}<\/style>\t\t\t\t<p>Die Alterung der Bev\u00f6lkerung stellt eine der gr\u00f6\u00dften Herausforderungen f\u00fcr die Europ\u00e4ische Union im 21. Jahrhundert dar, die unumkehrbare Auswirkungen auf alle Bereiche der Gesellschaft haben wird. Laut dem GR\u00dcNBUCH \u00dcBER DAS ALTER ist die Lebenserwartung bei der Geburt in den letzten f\u00fcnf Jahrzehnten sowohl f\u00fcr M\u00e4nner als auch f\u00fcr Frauen um etwa 10 Jahre gestiegen. Die Modernisierung verschiedener Dienstleistungen, die Integration in die digitale Welt und die F\u00f6rderung des sozialen Engagements sind ebenfalls wesentliche und dringende Aspekte im Bereich des aktiven Alterns. Infolge des demografischen Wandels im 21. Jahrhundert sind neue Bed\u00fcrfnisse und Anforderungen entstanden, auf die reagiert werden muss. Die Rolle der Aktivit\u00e4t wurde neu definiert, und die Erhaltung einer hohen Lebensqualit\u00e4t ist auch im Alter wichtig geworden. Um ein erfolgreiches Altern zu gew\u00e4hrleisten, ist es entscheidend, einer sinnvollen Arbeit nachzugehen, k\u00f6rperlich und geistig aktiv zu bleiben und soziale Kontakte zu pflegen. Die j\u00fcngste Pandemie hat jedoch zu noch nie dagewesenen und unerwarteten Situationen gef\u00fchrt, die eine drastische \u00c4nderung der Lebensweise zur Folge haben. Dies hat zu noch gr\u00f6\u00dferen Herausforderungen f\u00fcr Menschen \u00fcber 50 gef\u00fchrt.<\/p>\n\t\t\t\t\t\t<\/div>\n\t\t\t\t<\/div>\n\t\t\t\t<div class=\"elementor-element elementor-element-7ce808e elementor-widget elementor-widget-heading\" data-id=\"7ce808e\" data-element_type=\"widget\" data-widget_type=\"heading.default\">\n\t\t\t\t<div class=\"elementor-widget-container\">\n\t\t\t<h2 class=\"elementor-heading-title elementor-size-default\">Die Bedeutung von Peer-Mentoren und ihre Rolle<\/h2>\t\t<\/div>\n\t\t\t\t<\/div>\n\t\t\t\t<div class=\"elementor-element elementor-element-79447e4 elementor-widget elementor-widget-text-editor\" data-id=\"79447e4\" data-element_type=\"widget\" data-widget_type=\"text-editor.default\">\n\t\t\t\t<div class=\"elementor-widget-container\">\n\t\t\t\t\t\t\t<p>Es ist notwendig, spezialisierte Dienstleistungen anzubieten. \u00c4ltere Menschen brauchen einen altersgerechten Ansatz in der Beratung, bei Bildungsangeboten und in der Arbeitswelt und profitieren gleichzeitig von einer besseren Zug\u00e4nglichkeit zu ihren Altersgenossen. Die in den Partnerl\u00e4ndern durchgef\u00fchrte Bedarfsanalyse hat ergeben, dass Peer-Mentoren eine au\u00dferordentlich wichtige Rolle bei der F\u00f6rderung des aktiven Alterns spielen k\u00f6nnen. Diese Rolle erstreckt sich auch auf die Bereiche lebenslanges Lernen, F\u00f6rderung der Weiterbesch\u00e4ftigung und Pflege sozialer Beziehungen. Obwohl sie mit \u00e4hnlichen Lebenssituationen konfrontiert sind, verf\u00fcgen diese Menschen oft \u00fcber bessere Bew\u00e4ltigungsstrategien und haben vielleicht sogar Berufserfahrung, so dass sie anderen als Vorbild und Inspirationsquelle dienen k\u00f6nnen. Sie tragen dazu bei, dass Menschen ein sinnvolles und aktives Leben f\u00fchren k\u00f6nnen.<\/p>\n\t\t\t\t\t\t<\/div>\n\t\t\t\t<\/div>\n\t\t\t\t<div class=\"elementor-element elementor-element-1d15026 elementor-widget elementor-widget-heading\" data-id=\"1d15026\" data-element_type=\"widget\" data-widget_type=\"heading.default\">\n\t\t\t\t<div class=\"elementor-widget-container\">\n\t\t\t<h2 class=\"elementor-heading-title elementor-size-default\">Hauptziele des Projekts<\/h2>\t\t<\/div>\n\t\t\t\t<\/div>\n\t\t\t\t<div class=\"elementor-element elementor-element-eb519ba elementor-widget elementor-widget-text-editor\" data-id=\"eb519ba\" data-element_type=\"widget\" data-widget_type=\"text-editor.default\">\n\t\t\t\t<div class=\"elementor-widget-container\">\n\t\t\t\t\t\t\t<p>Durch die Teilnahme an einer Peer-Mentor-Schulung, die sich auf internationale Erfahrungen st\u00fctzt, k\u00f6nnen Peer-Mentoren ihre F\u00e4higkeiten verfeinern und ihre Erfahrungen effektiv mit Menschen \u00fcber 50 Jahren teilen. Um dieses Ziel zu erreichen, ist es unerl\u00e4sslich, die Erwartungen des 21. Jahrhunderts zu ber\u00fccksichtigen und geeignete Methoden und Techniken anzuwenden.<\/p>\n\t\t\t\t\t\t<\/div>\n\t\t\t\t<\/div>\n\t\t\t\t<div class=\"elementor-element elementor-element-c11e74d elementor-widget elementor-widget-heading\" data-id=\"c11e74d\" data-element_type=\"widget\" data-widget_type=\"heading.default\">\n\t\t\t\t<div class=\"elementor-widget-container\">\n\t\t\t<h2 class=\"elementor-heading-title elementor-size-default\">Die Hauptziele des Projekts sind:<\/h2>\t\t<\/div>\n\t\t\t\t<\/div>\n\t\t\t\t<div class=\"elementor-element elementor-element-068e53d elementor-widget elementor-widget-text-editor\" data-id=\"068e53d\" data-element_type=\"widget\" data-widget_type=\"text-editor.default\">\n\t\t\t\t<div class=\"elementor-widget-container\">\n\t\t\t\t\t\t\t<ul>\n<li>Verbesserung der Kompetenzen von Peer-Mentoren f\u00fcr Menschen ab 50 Jahren, die sich an den Anforderungen des 21. Jahrhunderts orientieren, durch innovative L\u00f6sungen und digitale Technologien<\/li>\n<\/ul>\n\t\t\t\t\t\t<\/div>\n\t\t\t\t<\/div>\n\t\t\t\t<div class=\"elementor-element elementor-element-f5f2852 elementor-widget elementor-widget-text-editor\" data-id=\"f5f2852\" data-element_type=\"widget\" data-widget_type=\"text-editor.default\">\n\t\t\t\t<div class=\"elementor-widget-container\">\n\t\t\t\t\t\t\t<ul>\n \t<li>Unterst\u00fctzung der Besch\u00e4ftigung und des lebenslangen Lernens von Personen ab 50 Jahren sowie anderer sozial n\u00fctzlicher Aktivit\u00e4ten mit dem Ziel, die gr\u00f6\u00dftm\u00f6gliche Unabh\u00e4ngigkeit und Lebensqualit\u00e4t zu erreichen. Dies wird durch die Bereitstellung von Peer-Mentoring-Diensten zur F\u00f6rderung einer gesunden Lebensweise erreicht.<\/li>\n<\/ul>\t\t\t\t\t\t<\/div>\n\t\t\t\t<\/div>\n\t\t\t\t<div class=\"elementor-element elementor-element-b004c25 elementor-widget elementor-widget-text-editor\" data-id=\"b004c25\" data-element_type=\"widget\" data-widget_type=\"text-editor.default\">\n\t\t\t\t<div class=\"elementor-widget-container\">\n\t\t\t\t\t\t\t<ul>\n \t<li>F\u00f6rderung der F\u00e4higkeiten und Kompetenzen, die f\u00fcr ein erfolgreiches Altern bei Menschen \u00fcber 50 Jahren erforderlich sind, um einen w\u00fcrdevollen, aktiven und nachhaltigen Lebensstil im 21. Dies wird durch einen flexiblen Blended-Learning-Ansatz erreicht, der auf modernen Peer-Mentoring-Praktiken aufbaut.<\/li>\n<\/ul>\t\t\t\t\t\t<\/div>\n\t\t\t\t<\/div>\n\t\t\t\t<div class=\"elementor-element elementor-element-b256dce elementor-widget elementor-widget-text-editor\" data-id=\"b256dce\" data-element_type=\"widget\" data-widget_type=\"text-editor.default\">\n\t\t\t\t<div class=\"elementor-widget-container\">\n\t\t\t\t\t\t\t<ul>\n \t<li>F\u00f6rderung und Verbesserung der internationalen Zusammenarbeit zwischen Organisationen, die Sozial-, Beratungs-, Betreuungs- und Bildungsdienste f\u00fcr Erwachsene anbieten, sowie Aufbau von Partnernetzwerken.<\/li>\n<\/ul>\t\t\t\t\t\t<\/div>\n\t\t\t\t<\/div>\n\t\t\t\t<div class=\"elementor-element elementor-element-1a86be0 elementor-widget elementor-widget-heading\" data-id=\"1a86be0\" data-element_type=\"widget\" data-widget_type=\"heading.default\">\n\t\t\t\t<div class=\"elementor-widget-container\">\n\t\t\t<h2 class=\"elementor-heading-title elementor-size-default\">Zielgruppe<\/h2>\t\t<\/div>\n\t\t\t\t<\/div>\n\t\t\t\t<div class=\"elementor-element elementor-element-2e288b6 elementor-widget elementor-widget-text-editor\" data-id=\"2e288b6\" data-element_type=\"widget\" data-widget_type=\"text-editor.default\">\n\t\t\t\t<div class=\"elementor-widget-container\">\n\t\t\t\t\t\t\t<p>Die Hauptzielgruppe des Projekts sind Fachleute, Personen im Alter von 50 Jahren und dar\u00fcber, die \u00fcber berufliche Kenntnisse, Berufserfahrung und Kompetenzen verf\u00fcgen. Diese Personen sollten enthusiastisch, selbstbewusst und motiviert sein und Interesse daran haben, die Rolle eines Peer-Mentors zu \u00fcbernehmen. Dar\u00fcber hinaus umfasst das Projekt auch Mentees, d. h. Personen im Alter von 50 Jahren und dar\u00fcber, die daran interessiert sind, Unterst\u00fctzung von erfahreneren Kollegen aus verschiedenen Bereichen zu erhalten.<\/p>\n\t\t\t\t\t\t<\/div>\n\t\t\t\t<\/div>\n\t\t\t\t<div class=\"elementor-element elementor-element-d1aa94b elementor-widget elementor-widget-heading\" data-id=\"d1aa94b\" data-element_type=\"widget\" data-widget_type=\"heading.default\">\n\t\t\t\t<div class=\"elementor-widget-container\">\n\t\t\t<h2 class=\"elementor-heading-title elementor-size-default\">Partner<\/h2>\t\t<\/div>\n\t\t\t\t<\/div>\n\t\t\t\t<div class=\"elementor-element elementor-element-52ecf5a elementor-widget elementor-widget-text-editor\" data-id=\"52ecf5a\" data-element_type=\"widget\" data-widget_type=\"text-editor.default\">\n\t\t\t\t<div class=\"elementor-widget-container\">\n\t\t\t\t\t\t\t<p>An dem Projekt sind sechs Partnereinrichtungen beteiligt, die in den Bereichen Beratung, Betreuung, Erwachsenenbildung, Forschung und Entwicklung digitaler Kompetenzen t\u00e4tig sind. Diese Einrichtungen stammen aus sechs verschiedenen L\u00e4ndern: Deutschland, der Slowakischen Republik, Ungarn, Portugal, Bulgarien und Polen.<\/p>\n\t\t\t\t\t\t<\/div>\n\t\t\t\t<\/div>\n\t\t\t\t\t<\/div>\n\t\t<\/div>\n\t\t\t\t<div class=\"elementor-column elementor-col-25 elementor-top-column elementor-element elementor-element-88e3d30\" data-id=\"88e3d30\" data-element_type=\"column\">\n\t\t\t<div class=\"elementor-widget-wrap\">\n\t\t\t\t\t\t\t\t\t<\/div>\n\t\t<\/div>\n\t\t\t\t\t\t\t<\/div>\n\t\t<\/section>\n\t\t\t\t\t\t\t<\/div>\n\t\t","protected":false},"excerpt":{"rendered":"<p>\u00dcBERPEER-TRAIN Herausforderungen f\u00fcr Menschen \u00fcber 50 Die Alterung der Bev\u00f6lkerung stellt eine der gr\u00f6\u00dften Herausforderungen f\u00fcr die Europ\u00e4ische Union im 21. Jahrhundert dar, die unumkehrbare Auswirkungen auf alle Bereiche der Gesellschaft haben wird. Laut dem GR\u00dcNBUCH \u00dcBER DAS ALTER ist die Lebenserwartung bei der Geburt in den letzten f\u00fcnf Jahrzehnten sowohl f\u00fcr M\u00e4nner als auch [&hellip;]<\/p>\n","protected":false},"author":1,"featured_media":0,"parent":0,"menu_order":0,"comment_status":"closed","ping_status":"closed","template":"","meta":{"_seopress_robots_primary_cat":"","_seopress_titles_title":"","_seopress_titles_desc":"","_seopress_robots_index":"","footnotes":""},"class_list":["post-370","page","type-page","status-publish","hentry","entry"],"_links":{"self":[{"href":"https:\/\/peer-train.org\/de\/wp-json\/wp\/v2\/pages\/370","targetHints":{"allow":["GET"]}}],"collection":[{"href":"https:\/\/peer-train.org\/de\/wp-json\/wp\/v2\/pages"}],"about":[{"href":"https:\/\/peer-train.org\/de\/wp-json\/wp\/v2\/types\/page"}],"author":[{"embeddable":true,"href":"https:\/\/peer-train.org\/de\/wp-json\/wp\/v2\/users\/1"}],"replies":[{"embeddable":true,"href":"https:\/\/peer-train.org\/de\/wp-json\/wp\/v2\/comments?post=370"}],"version-history":[{"count":7,"href":"https:\/\/peer-train.org\/de\/wp-json\/wp\/v2\/pages\/370\/revisions"}],"predecessor-version":[{"id":1022,"href":"https:\/\/peer-train.org\/de\/wp-json\/wp\/v2\/pages\/370\/revisions\/1022"}],"wp:attachment":[{"href":"https:\/\/peer-train.org\/de\/wp-json\/wp\/v2\/media?parent=370"}],"curies":[{"name":"wp","href":"https:\/\/api.w.org\/{rel}","templated":true}]}}